{"id":60,"date":"2018-04-24T13:17:25","date_gmt":"2018-04-24T13:17:25","guid":{"rendered":"http:\/\/outzen-amrum.de\/?page_id=60"},"modified":"2019-12-07T07:20:38","modified_gmt":"2019-12-07T07:20:38","slug":"wohnung-2","status":"publish","type":"page","link":"https:\/\/outzen-amrum.de\/?page_id=60","title":{"rendered":"Wohnung 2"},"content":{"rendered":"<p>[et_pb_section bb_built=&#8220;1&#8243; fullwidth=&#8220;on&#8220; specialty=&#8220;off&#8220; next_background_color=&#8220;#000000&#8243;][et_pb_fullwidth_image _builder_version=&#8220;3.1.1&#8243; src=&#8220;http:\/\/outzen-amrum.de\/wp-content\/uploads\/2018\/04\/Headder2018-1.jpg&#8220; \/][\/et_pb_section][et_pb_section bb_built=&#8220;1&#8243; specialty=&#8220;off&#8220; prev_background_color=&#8220;#ffffff&#8220; _builder_version=&#8220;3.1.1&#8243; background_image=&#8220;http:\/\/outzen-amrum.de\/wp-content\/uploads\/2018\/04\/sand.jpg&#8220; background_repeat=&#8220;repeat&#8220; background_size=&#8220;contain&#8220;][et_pb_row][et_pb_column type=&#8220;4_4&#8243;][et_pb_gallery _builder_version=&#8220;3.1.1&#8243; gallery_ids=&#8220;19,62,76,63,64,65&#8243; show_title_and_caption=&#8220;off&#8220; show_pagination=&#8220;off&#8220; zoom_icon_color=&#8220;#2ea3f2&#8243; hover_overlay_color=&#8220;rgba(255,255,255,0.9)&#8220; posts_number=&#8220;6&#8243; animation_style=&#8220;zoom&#8220; \/][\/et_pb_column][\/et_pb_row][et_pb_row][et_pb_column type=&#8220;1_2&#8243;][et_pb_text _builder_version=&#8220;3.1.1&#8243;]<\/p>\n<h3><strong>Wohnung 2 f\u00fcr 2 Personen, ca. 27 qm<\/strong><\/h3>\n<p>Wohnraum mit komplett eingerichteter K\u00fcche,\u00a0ein Schlafzimmer mit Doppelbett,\u00a0Duschbad<\/p>\n<p>Unsere Ferienwohnungen sind speziell f\u00fcr Allergiker ausgerichtet \u2013 das heisst, ausser der sehr allergenarmen Luft auf Amrum profitieren Sie noch von einigen Extras:<\/p>\n<ul>\n<li><strong>Laminatfu\u00dfb\u00f6den<\/strong><\/li>\n<li><strong>Allergiker Matratzen- u. Bettdecken<\/strong><\/li>\n<li><strong>Lederm\u00f6bel<\/strong><\/li>\n<li><strong>allergiegerechte Reinigung<\/strong><\/li>\n<\/ul>\n<p>Um diese besondere Sauberkeit gew\u00e4hrleisten zu k\u00f6nnen, erlauben wir uns Ihnen eine Endreinigungsgeb\u00fchr in H\u00f6he von <strong>100.00 EUR<\/strong> zu berechnen.<\/p>\n<p>Den Mietpreis entnehmen Sie bitte dem nachstehenden Buchungsassistenten. Bitte beachten: Der Preis gilt f\u00fcr Wohnung\/Nacht und inklusive der Personen.<\/p>\n<p>[\/et_pb_text][\/et_pb_column][et_pb_column type=&#8220;1_2&#8243;][et_pb_image _builder_version=&#8220;3.1.1&#8243; src=&#8220;http:\/\/outzen-amrum.de\/wp-content\/uploads\/2018\/04\/riss2.gif&#8220; \/][\/et_pb_column][\/et_pb_row][et_pb_row][et_pb_column type=&#8220;4_4&#8243;][et_pb_code _builder_version=&#8220;3.1.1&#8243; text_orientation=&#8220;center&#8220;]&lt;div id=&#8220;smoobuApartment64884de&#8220; class=&#8220;calendarWidget&#8220;&gt; &lt;div class=&#8220;calendarContent&#8220; data-load-calendar-url=&#8220;https:\/\/login.smoobu.com\/de\/cockpit\/widget\/single-calendar\/64884&#8243; data-verification=&#8220;2766d1f60efef9d133be054218f02b14edcc504523d6a799d8a8190c45e3c72e&#8220; data-baseUrl=&#8220;https:\/\/login.smoobu.com&#8220; data-disable-css=&#8220;false&#8220; &gt;&lt;\/div&gt; &lt;script type=&#8220;text\/javascript&#8220; src=&#8220;https:\/\/login.smoobu.com\/js\/Apartment\/CalendarWidget.js&#8220;&gt;&lt;\/script&gt;&lt;\/div&gt;[\/et_pb_code][et_pb_text _builder_version=&#8220;3.1.1&#8243; saved_tabs=&#8220;all&#8220; global_module=&#8220;122&#8243;]<\/p>\n<p style=\"text-align: center;\"><em>Mit der Eingabe der Daten in diesem Formular stimme zu, dass meine Angaben <\/em><\/p>\n<p style=\"text-align: center;\"><em>zur Buchungsabwicklung erhoben und verarbeitet werden. <\/em><\/p>\n<p style=\"text-align: center;\"><em>Hinweis: Sie k\u00f6nnen Ihre\u00a0Einwilligung jederzeit f\u00fcr die Zukunft per E-Mail an outzen@t-online.de widerrufen.<\/em><\/p>\n<p style=\"text-align: center;\"><em>Detaillierte Informationen zum Umgang mit Nutzerdaten finden Sie in unserer\u00a0<a href=\"http:\/\/outzen-amrum.de\/?page_id=24\">Datenschutzerkl\u00e4rung.<\/a><\/em><\/p>\n<p>[\/et_pb_text][et_pb_code _builder_version=&#8220;3.1.1&#8243;]&lt;div id=&#8220;booking-tool-container-apartment64884&#8243;&gt;&lt;!&#8211; [et_pb_line_break_holder] &#8211;&gt;&lt;script type=&#8220;text\/javascript&#8220; src=&#8220;https:\/\/login.smoobu.com\/js\/Settings\/BookingToolIframe.js&#8220;&gt;&lt;\/script&gt;&lt;!&#8211; [et_pb_line_break_holder] &#8211;&gt;&lt;script&gt;BookingToolIframe.initialize({&#8222;url&#8220;: &#8222;https:\/\/login.smoobu.com\/de\/booking-tool\/iframe\/22262\/64884&#8220;, &#8222;baseUrl&#8220;: &#8222;https:\/\/login.smoobu.com&#8220;, &#8222;target&#8220;: &#8222;#booking-tool-container-apartment64884&#8220;})&lt;\/script&gt;&lt;!&#8211; [et_pb_line_break_holder] &#8211;&gt;&lt;\/div&gt;[\/et_pb_code][\/et_pb_column][\/et_pb_row][\/et_pb_section]<\/p>\n","protected":false},"excerpt":{"rendered":"<p>[et_pb_section bb_built=&#8220;1&#8243; fullwidth=&#8220;on&#8220; specialty=&#8220;off&#8220; next_background_color=&#8220;#000000&#8243;][et_pb_fullwidth_image _builder_version=&#8220;3.1.1&#8243; src=&#8220;http:\/\/outzen-amrum.de\/wp-content\/uploads\/2018\/04\/Headder2018-1.jpg&#8220; \/][\/et_pb_section][et_pb_section bb_built=&#8220;1&#8243; specialty=&#8220;off&#8220; prev_background_color=&#8220;#ffffff&#8220; _builder_version=&#8220;3.1.1&#8243; background_image=&#8220;http:\/\/outzen-amrum.de\/wp-content\/uploads\/2018\/04\/sand.jpg&#8220; background_repeat=&#8220;repeat&#8220; background_size=&#8220;contain&#8220;][et_pb_row][et_pb_column type=&#8220;4_4&#8243;][et_pb_gallery _builder_version=&#8220;3.1.1&#8243; gallery_ids=&#8220;19,62,76,63,64,65&#8243; show_title_and_caption=&#8220;off&#8220; show_pagination=&#8220;off&#8220; zoom_icon_color=&#8220;#2ea3f2&#8243; hover_overlay_color=&#8220;rgba(255,255,255,0.9)&#8220; posts_number=&#8220;6&#8243; animation_style=&#8220;zoom&#8220; \/][\/et_pb_column][\/et_pb_row][et_pb_row][et_pb_column type=&#8220;1_2&#8243;][et_pb_text _builder_version=&#8220;3.1.1&#8243;] Wohnung 2 f\u00fcr 2 Personen, ca. 27 qm Wohnraum mit komplett eingerichteter K\u00fcche,\u00a0ein Schlafzimmer mit Doppelbett,\u00a0Duschbad Unsere Ferienwohnungen sind speziell f\u00fcr Allergiker ausgerichtet \u2013 das heisst, ausser der [&hellip;]<\/p>\n","protected":false},"author":1,"featured_media":0,"parent":0,"menu_order":0,"comment_status":"closed","ping_status":"open","template":"","meta":[],"_links":{"self":[{"href":"https:\/\/outzen-amrum.de\/index.php?rest_route=\/wp\/v2\/pages\/60"}],"collection":[{"href":"https:\/\/outzen-amrum.de\/index.php?rest_route=\/wp\/v2\/pages"}],"about":[{"href":"https:\/\/outzen-amrum.de\/index.php?rest_route=\/wp\/v2\/types\/page"}],"author":[{"embeddable":true,"href":"https:\/\/outzen-amrum.de\/index.php?rest_route=\/wp\/v2\/users\/1"}],"replies":[{"embeddable":true,"href":"https:\/\/outzen-amrum.de\/index.php?rest_route=%2Fwp%2Fv2%2Fcomments&post=60"}],"version-history":[{"count":12,"href":"https:\/\/outzen-amrum.de\/index.php?rest_route=\/wp\/v2\/pages\/60\/revisions"}],"predecessor-version":[{"id":147,"href":"https:\/\/outzen-amrum.de\/index.php?rest_route=\/wp\/v2\/pages\/60\/revisions\/147"}],"wp:attachment":[{"href":"https:\/\/outzen-amrum.de\/index.php?rest_route=%2Fwp%2Fv2%2Fmedia&parent=60"}],"curies":[{"name":"wp","href":"https:\/\/api.w.org\/{rel}","templated":true}]}}